{"id":12,"date":"2020-02-14T09:40:35","date_gmt":"2020-02-14T09:40:35","guid":{"rendered":"http:\/\/gitarrenlehrer-kreuzberg.de\/?page_id=12"},"modified":"2024-12-06T14:52:17","modified_gmt":"2024-12-06T14:52:17","slug":"ueber-mich","status":"publish","type":"page","link":"https:\/\/gitarrenlehrer-kreuzberg.de\/?page_id=12","title":{"rendered":"\u00dcber mich"},"content":{"rendered":"\n<p>Ich spiele seit 1987 Gitarre und hatte Unterricht bei <a href=\"https:\/\/de.wikipedia.org\/wiki\/Thomas_Battenstein\" target=\"_blank\" rel=\"noreferrer noopener\">Thomas Battenstein<\/a> (D\u00fcsseldorf), Ralf Krebs (Berlin), sowie Joel Betton (UdK, Berlin). Dabei war es mir stets wichtig, die Gitarre in ihrer ganzen stilistischen Vielfalt kennen zu lernen. Auf die Frage, was ich selbst am liebsten spiele, kann ich auch keine eindeutige Antwort geben, dazu gibt es zu viel sch\u00f6ne Musik: Barockmusik, Bach-Suiten, die gro\u00dfen klassischen Komponisten wie Aguado, Carullli, Sor und Tarrega; Tangos von Astor Piazzolla, lateinamerikanische Musik, Flamenco oder Bossa Nova; Folk, Bluegrass, Blues, etc. \u2013 und dazu kommt die E-Gitarre, vom Jazzstandard bis zum Heavy Metal, soundscapes und Klangimprovisation. Diese Offenheit gegen\u00fcber der Musik in all ihren Facetten haben meine Lehrer stets unterst\u00fctzt und ich versuche, sie auch in meinem eigenen Unterricht zu vermitteln.<\/p>\n\n\n\n<p><\/p>\n\n\n\n<p>Neben meiner Unterrichtst\u00e4tigkeit bin ich in mehreren Bands und Ensembles aktiv: Ich bin Leadgitarrist bei der Disco-Metal-Band <a aria-label=\"Captain Zorx (\u00f6ffnet in neuem Tab)\" href=\"http:\/\/www.captainzorx.com\" target=\"_blank\" rel=\"noreferrer noopener\">Captain Zorx<\/a>. Mit der S\u00e4ngerin <a href=\"http:\/\/reinhild-kuhn.de\/\" target=\"_blank\" rel=\"noreferrer noopener\">Reinhild Kuhn<\/a> trete ich deutschlandweit in mehreren Programmen auf. Gemeinsam mit <a href=\"https:\/\/en.everybodywiki.com\/Malcolm_Arison\">Malcolm Arison<\/a> (aka Hank Williamson, Boss Hoss) komponiere und arrangiere ich Filmmusik. Daneben besch\u00e4ftige ich mich mit dem f\u00fcnfsaitigen Banjo und spiele viel Bluegrass- und oldtime-music.<br>Dazu kommen wechselnde Zusammenarbeiten mit anderen K\u00fcnstlern\/Musikern u.a. mit dem Performance-K\u00fcnstler Simon Fujiwara am HAU Berlin und in Abrons Art Center New York, sowie der Querfl\u00f6tistin Sorina Reichenbach.<\/p>\n\n\n\n<p>Mehr zu meiner eigenen musikalischen T\u00e4tigkeit findet sich <a href=\"http:\/\/www.tholzhausen.net\" target=\"_blank\" rel=\"noreferrer noopener\" aria-label=\"hier (\u00f6ffnet in neuem Tab)\">hier<\/a>.<\/p>\n","protected":false},"excerpt":{"rendered":"<p>Ich spiele seit 1987 Gitarre und hatte Unterricht bei Thomas Battenstein (D\u00fcsseldorf), Ralf Krebs (Berlin), sowie Joel Betton (UdK, Berlin).&hellip;<\/p>\n","protected":false},"author":1,"featured_media":0,"parent":0,"menu_order":0,"comment_status":"closed","ping_status":"closed","template":"","meta":{"footnotes":""},"class_list":["post-12","page","type-page","status-publish","hentry"],"_links":{"self":[{"href":"https:\/\/gitarrenlehrer-kreuzberg.de\/index.php?rest_route=\/wp\/v2\/pages\/12","targetHints":{"allow":["GET"]}}],"collection":[{"href":"https:\/\/gitarrenlehrer-kreuzberg.de\/index.php?rest_route=\/wp\/v2\/pages"}],"about":[{"href":"https:\/\/gitarrenlehrer-kreuzberg.de\/index.php?rest_route=\/wp\/v2\/types\/page"}],"author":[{"embeddable":true,"href":"https:\/\/gitarrenlehrer-kreuzberg.de\/index.php?rest_route=\/wp\/v2\/users\/1"}],"replies":[{"embeddable":true,"href":"https:\/\/gitarrenlehrer-kreuzberg.de\/index.php?rest_route=%2Fwp%2Fv2%2Fcomments&post=12"}],"version-history":[{"count":4,"href":"https:\/\/gitarrenlehrer-kreuzberg.de\/index.php?rest_route=\/wp\/v2\/pages\/12\/revisions"}],"predecessor-version":[{"id":93,"href":"https:\/\/gitarrenlehrer-kreuzberg.de\/index.php?rest_route=\/wp\/v2\/pages\/12\/revisions\/93"}],"wp:attachment":[{"href":"https:\/\/gitarrenlehrer-kreuzberg.de\/index.php?rest_route=%2Fwp%2Fv2%2Fmedia&parent=12"}],"curies":[{"name":"wp","href":"https:\/\/api.w.org\/{rel}","templated":true}]}}