{"id":21,"date":"2020-02-14T09:48:50","date_gmt":"2020-02-14T09:48:50","guid":{"rendered":"http:\/\/gitarrenlehrer-kreuzberg.de\/?page_id=21"},"modified":"2024-12-06T14:50:18","modified_gmt":"2024-12-06T14:50:18","slug":"willkommen","status":"publish","type":"page","link":"https:\/\/gitarrenlehrer-kreuzberg.de\/","title":{"rendered":"Willkommen"},"content":{"rendered":"\n<p>Mein Name ist Thomas Holzhausen. Ich spiele Gitarre seit meinem achten Lebensjahr und seit fast zwanzig Jahren unterrichte ich selbst.<\/p>\n\n\n\n<p>Kinder ab 6 und Erwachsene k\u00f6nnen bei mir in entspannter Atmosph\u00e4re Gitarre lernen. Egal, ob Anf\u00e4nger oder Fortgeschrittener, Neu- oder Wiedereinsteiger, E-Gitarre oder Konzertgitarre. Vorkenntnisse sind nicht erforderlich und stilistisch sind keine Grenzen gesetzte: ich biete Unterricht in den Bereichen Rock, Pop, Blues, klassische und spanische Gitarre, Metal und vielem mehr! Von einer fundierten musikalischen Ausbildung an der klassischen Gitarre bis zu einem Auffrischungskurs im Lagerfeuer-Picking ist so gut wie alles m\u00f6glich. Au\u00dferdem unterrichte ich E-Bass, 5-string-Banjo, Mandoline und Ukulele. Der Unterricht kann sowohl einzeln, als auch in Zweiergruppen stattfinden.<\/p>\n\n\n\n<p>In meinen <a href=\"https:\/\/goo.gl\/maps\/uGgiUaNAPk2WT8pq9\" data-type=\"URL\" data-id=\"https:\/\/goo.gl\/maps\/uGgiUaNAPk2WT8pq9\" target=\"_blank\" rel=\"noreferrer noopener\">Unterrichtsr\u00e4umen <\/a>in der Oranienstra\u00dfe in Berlin-Kreuzberg steht neben einer gro\u00dfen Auswahl an Unterrichtsmaterial auch ein komplett eingerichtetes Heimstudio zur Verf\u00fcgung, in dem \u00dcbungsplaybacks oder auch Mitschnitte von kompletten Unterrichtsstunden erstellt werden k\u00f6nnen.<br>Einfach eine kostenlose Probestunde vereinbaren: <a href=\"mailto:info@gitarrenlehrer-kreuzberg.de\">info@gitarrenlehrer-kreuzberg.de<\/a><\/p>\n\n\n\n<p>H\u00e4ufig gestellte Fragen werden in den <a href=\"https:\/\/gitarrenlehrer-kreuzberg.de\/?page_id=14\">FAQ <\/a>beantwortet (wird laufend erweitert).<\/p>\n\n\n\n<p>Informationen zu meinen eigenen musikalischen Projekten, Konzerttermine, etc. finden Sie auf <a href=\"http:\/\/www.tholzhausen.net\" target=\"_blank\" rel=\"noreferrer noopener\" aria-label=\"www.tholzhausen.net (\u00f6ffnet in neuem Tab)\">www.tholzhausen.net<\/a><\/p>\n","protected":false},"excerpt":{"rendered":"<p>Mein Name ist Thomas Holzhausen. Ich spiele Gitarre seit meinem achten Lebensjahr und seit fast zwanzig Jahren unterrichte ich selbst.&hellip;<\/p>\n","protected":false},"author":1,"featured_media":0,"parent":0,"menu_order":0,"comment_status":"closed","ping_status":"closed","template":"","meta":{"footnotes":""},"class_list":["post-21","page","type-page","status-publish","hentry"],"_links":{"self":[{"href":"https:\/\/gitarrenlehrer-kreuzberg.de\/index.php?rest_route=\/wp\/v2\/pages\/21","targetHints":{"allow":["GET"]}}],"collection":[{"href":"https:\/\/gitarrenlehrer-kreuzberg.de\/index.php?rest_route=\/wp\/v2\/pages"}],"about":[{"href":"https:\/\/gitarrenlehrer-kreuzberg.de\/index.php?rest_route=\/wp\/v2\/types\/page"}],"author":[{"embeddable":true,"href":"https:\/\/gitarrenlehrer-kreuzberg.de\/index.php?rest_route=\/wp\/v2\/users\/1"}],"replies":[{"embeddable":true,"href":"https:\/\/gitarrenlehrer-kreuzberg.de\/index.php?rest_route=%2Fwp%2Fv2%2Fcomments&post=21"}],"version-history":[{"count":6,"href":"https:\/\/gitarrenlehrer-kreuzberg.de\/index.php?rest_route=\/wp\/v2\/pages\/21\/revisions"}],"predecessor-version":[{"id":91,"href":"https:\/\/gitarrenlehrer-kreuzberg.de\/index.php?rest_route=\/wp\/v2\/pages\/21\/revisions\/91"}],"wp:attachment":[{"href":"https:\/\/gitarrenlehrer-kreuzberg.de\/index.php?rest_route=%2Fwp%2Fv2%2Fmedia&parent=21"}],"curies":[{"name":"wp","href":"https:\/\/api.w.org\/{rel}","templated":true}]}}